{"id":73,"date":"2017-07-12T05:54:01","date_gmt":"2017-07-12T05:54:01","guid":{"rendered":"https:\/\/kudbud.com\/?page_id=73"},"modified":"2025-01-06T11:38:10","modified_gmt":"2025-01-06T10:38:10","slug":"contact-us","status":"publish","type":"page","link":"http:\/\/kudbud.com\/?page_id=73","title":{"rendered":"Kontaktujte N\u00e1s"},"content":{"rendered":"\t\t<div data-elementor-type=\"wp-page\" data-elementor-id=\"73\" class=\"elementor elementor-73\">\n\t\t\t\t\t\t\t<div class=\"elementor-element elementor-element-1b38827d e-flex e-con-boxed e-con e-parent\" data-id=\"1b38827d\" data-element_type=\"container\" data-settings=\"{&quot;content_width&quot;:&quot;boxed&quot;}\" data-core-v316-plus=\"true\">\n\t\t\t\t\t<div class=\"e-con-inner\">\n\t\t\t\t<div class=\"elementor-element elementor-element-470f17e3 elementor-widget elementor-widget-text-editor\" data-id=\"470f17e3\" data-element_type=\"widget\" data-widget_type=\"text-editor.default\">\n\t\t\t\t<div class=\"elementor-widget-container\">\n\t\t\t<style>\/*! elementor - v3.16.0 - 17-10-2023 *\/\n.elementor-widget-text-editor.elementor-drop-cap-view-stacked .elementor-drop-cap{background-color:#69727d;color:#fff}.elementor-widget-text-editor.elementor-drop-cap-view-framed .elementor-drop-cap{color:#69727d;border:3px solid;background-color:transparent}.elementor-widget-text-editor:not(.elementor-drop-cap-view-default) .elementor-drop-cap{margin-top:8px}.elementor-widget-text-editor:not(.elementor-drop-cap-view-default) .elementor-drop-cap-letter{width:1em;height:1em}.elementor-widget-text-editor .elementor-drop-cap{float:left;text-align:center;line-height:1;font-size:50px}.elementor-widget-text-editor .elementor-drop-cap-letter{display:inline-block}<\/style>\t\t\t\t<!-- wp:fl-builder\/layout -->\n<h1>Kontakt na n\u00e1s<\/h1>\n<h4>Cenov\u00e9 ponuky a inform\u00e1cie:<\/h4>\n<p>+421950758072<\/p>\n<h4>N\u00e1jdete n\u00e1s<\/h4>\n<p>Toma\u0161ikova 50E<\/p>\n<h4>P\u00ed\u0161te<\/h4>\n<p>kudbud1b@gmail.com<\/p>\n<h4>Pracovn\u00e9 hodiny<\/h4>\n<p>Pon-Sob\u00a0 \u00a08:00-17:00<\/p>\n<h3>Po\u0161lite n\u00e1m spr\u00e1vu<\/h3>\n<p>kudbud1b@gmail.com<\/p>\n<h4>Volajte<\/h4>\n<p>+421950758072<\/p>\n<h4>Poskytujeme asistenciu 24\/7<\/h4>\n<div class=\"wpforms-container \" id=\"wpforms-585\"><form id=\"wpforms-form-585\" class=\"wpforms-validate wpforms-form\" data-formid=\"585\" method=\"post\" enctype=\"multipart\/form-data\" action=\"\/index.php?rest_route=%2Fwp%2Fv2%2Fpages%2F73\" data-token=\"ba6d2f0a20978e4540f2626f199f21af\"><noscript class=\"wpforms-error-noscript\">Please enable JavaScript in your browser to complete this form.<\/noscript><div class=\"wpforms-field-container\"><div id=\"wpforms-585-field_0-container\" class=\"wpforms-field wpforms-field-name\" data-field-id=\"0\"><label class=\"wpforms-field-label wpforms-label-hide\" for=\"wpforms-585-field_0\">Name<\/label><input type=\"text\" id=\"wpforms-585-field_0\" class=\"wpforms-field-large\" name=\"wpforms[fields][0]\" placeholder=\"Name\" ><\/div><div id=\"wpforms-585-field_1-container\" class=\"wpforms-field wpforms-field-email\" data-field-id=\"1\"><label class=\"wpforms-field-label wpforms-label-hide\" for=\"wpforms-585-field_1\">Email <span class=\"wpforms-required-label\">*<\/span><\/label><input type=\"email\" id=\"wpforms-585-field_1\" class=\"wpforms-field-large wpforms-field-required\" name=\"wpforms[fields][1]\" placeholder=\"Email\" spellcheck=\"false\" required><\/div><div id=\"wpforms-585-field_3-container\" class=\"wpforms-field wpforms-field-text\" data-field-id=\"3\"><label class=\"wpforms-field-label wpforms-label-hide\" for=\"wpforms-585-field_3\">Subject<\/label><input type=\"text\" id=\"wpforms-585-field_3\" class=\"wpforms-field-large\" name=\"wpforms[fields][3]\" placeholder=\"Subject\" ><\/div><div id=\"wpforms-585-field_2-container\" class=\"wpforms-field wpforms-field-textarea\" data-field-id=\"2\"><label class=\"wpforms-field-label wpforms-label-hide\" for=\"wpforms-585-field_2\">Comment or Message <span class=\"wpforms-required-label\">*<\/span><\/label><textarea id=\"wpforms-585-field_2\" class=\"wpforms-field-medium wpforms-field-required\" name=\"wpforms[fields][2]\" placeholder=\"Message\" required><\/textarea><\/div><\/div><!-- .wpforms-field-container --><div class=\"wpforms-field wpforms-field-hp\"><label for=\"wpforms-585-field-hp\" class=\"wpforms-field-label\">Email<\/label><input type=\"text\" name=\"wpforms[hp]\" id=\"wpforms-585-field-hp\" class=\"wpforms-field-medium\"><\/div><div class=\"wpforms-submit-container\" ><input type=\"hidden\" name=\"wpforms[id]\" value=\"585\"><input type=\"hidden\" name=\"wpforms[author]\" value=\"1\"><button type=\"submit\" name=\"wpforms[submit]\" id=\"wpforms-submit-585\" class=\"wpforms-submit\" data-alt-text=\"Sending...\" data-submit-text=\"Contact Us\" aria-live=\"assertive\" value=\"wpforms-submit\">Contact Us<\/button><\/div><\/form><\/div>  <!-- .wpforms-container -->\n<h2>N\u00e1jdite n\u00e1s na soci\u00e1lnych m\u00e9di\u00e1ch<\/h2>\n<!-- \/wp:fl-builder\/layout -->\t\t\t\t\t\t<\/div>\n\t\t\t\t<\/div>\n\t\t\t\t\t<\/div>\n\t\t\t\t<\/div>\n\t\t\t\t\t\t\t<\/div>\n\t\t","protected":false},"excerpt":{"rendered":"<p>Kontakt na n\u00e1s Cenov\u00e9 ponuky a inform\u00e1cie: +421950758072 N\u00e1jdete n\u00e1s Toma\u0161ikova 50E P\u00ed\u0161te kudbud1b@gmail.com Pracovn\u00e9 hodiny Pon-Sob\u00a0 \u00a08:00-17:00 Po\u0161lite n\u00e1m spr\u00e1vu kudbud1b@gmail.com Volajte +421950758072 Poskytujeme asistenciu 24\/7 N\u00e1jdite n\u00e1s na soci\u00e1lnych m\u00e9di\u00e1ch<\/p>\n","protected":false},"author":1,"featured_media":0,"parent":0,"menu_order":0,"comment_status":"closed","ping_status":"closed","template":"","meta":{"_monsterinsights_skip_tracking":false,"_monsterinsights_sitenote_active":false,"_monsterinsights_sitenote_note":"","_monsterinsights_sitenote_category":0,"site-sidebar-layout":"no-sidebar","site-content-layout":"page-builder","ast-site-content-layout":"full-width-container","site-content-style":"unboxed","site-sidebar-style":"unboxed","ast-global-header-display":"","ast-banner-title-visibility":"","ast-main-header-display":"","ast-hfb-above-header-display":"","ast-hfb-below-header-display":"","ast-hfb-mobile-header-display":"","site-post-title":"disabled","ast-breadcrumbs-content":"","ast-featured-img":"disabled","footer-sml-layout":"","theme-transparent-header-meta":"default","adv-header-id-meta":"","stick-header-meta":"","header-above-stick-meta":"","header-main-stick-meta":"","header-below-stick-meta":"","astra-migrate-meta-layouts":"set","footnotes":""},"_links":{"self":[{"href":"http:\/\/kudbud.com\/index.php?rest_route=\/wp\/v2\/pages\/73"}],"collection":[{"href":"http:\/\/kudbud.com\/index.php?rest_route=\/wp\/v2\/pages"}],"about":[{"href":"http:\/\/kudbud.com\/index.php?rest_route=\/wp\/v2\/types\/page"}],"author":[{"embeddable":true,"href":"http:\/\/kudbud.com\/index.php?rest_route=\/wp\/v2\/users\/1"}],"replies":[{"embeddable":true,"href":"http:\/\/kudbud.com\/index.php?rest_route=%2Fwp%2Fv2%2Fcomments&post=73"}],"version-history":[{"count":6,"href":"http:\/\/kudbud.com\/index.php?rest_route=\/wp\/v2\/pages\/73\/revisions"}],"predecessor-version":[{"id":1285,"href":"http:\/\/kudbud.com\/index.php?rest_route=\/wp\/v2\/pages\/73\/revisions\/1285"}],"wp:attachment":[{"href":"http:\/\/kudbud.com\/index.php?rest_route=%2Fwp%2Fv2%2Fmedia&parent=73"}],"curies":[{"name":"wp","href":"https:\/\/api.w.org\/{rel}","templated":true}]}}