{"id":71,"date":"2017-07-12T05:53:59","date_gmt":"2017-07-12T05:53:59","guid":{"rendered":"https:\/\/kudbud.com\/?page_id=71"},"modified":"2024-01-05T13:48:09","modified_gmt":"2024-01-05T12:48:09","slug":"about","status":"publish","type":"page","link":"http:\/\/kudbud.com\/?page_id=71","title":{"rendered":"O nas"},"content":{"rendered":"\n\n\t<h1>\n\t\t\t\t\tO nas\n\t\t\t\t<\/h1>\n\t<h2>\n\t\t\t\t\tKto sme?\n\t\t\t\t<\/h2>\n\t\t\t<p>Sme team ktor\u00fd funguje v oblasti stavebn\u00edctva u\u017e dlh\u00e9 roky,\u00a0 a s t\u00fdm v\u00e1m vieme zaru\u010di\u0165 vysok\u00fa kvalitu, flexibilitu, a jednoduchos\u0165 rie\u0161enie ak\u00fdchko\u013evek probl\u00e9mov a komplik\u00e1ci\u00ed.\u00a0\u00a0<\/p>\nVieme mana\u017eova\u0165 va\u0161u stavbu od za\u010diatku a\u017e na k\u013e\u00fa\u010d tak aj realiz\u00e1ciu konkr\u00e9tne \u010dasti stavby a venujeme sa aj rekon\u0161trukcii&#8230;\n\t<ul>\n\t\t<li>\t\t\t\t\n\t\t<h5>Profesion\u00e1lismus<\/h5><\/li><li>\t\t\t\t\n\t\t<h5>Priestor my\u0161lenie<\/h5><\/li>\t<\/ul>\n\t<ul>\n\t\t<li>\t\t\t\t\n\t\t<h5>Re\u0161pekt<\/h5><\/li><li>\t\t\t\t\n\t\t<h5>24\/7 Sme pre v\u00e1s<\/h5><\/li>\t<\/ul>\n\t\t\t\t<img decoding=\"async\" src=\"http:\/\/kudbud.com\/wp-content\/uploads\/2020\/01\/about-img.png\" alt=\"about-img\" itemprop=\"image\"\/>\n\t<h2>\n\t\t\t\t\t\u010co pon\u00fakame\n\t\t\t\t<\/h2>\n\t\t\t<p>Na\u0161ou \u0161pecializ\u00e1ciou v r\u00e1mci na\u0161ich technick\u00fdch a kapacitn\u00fdch mo\u017enost\u00ed je stavebn\u00e1 \u010dinnos\u0165 v komplexnom rozsahu ako novostavb\u00fd, rekon\u0161trukci\u00ed, \u00faprav interi\u00e9rov a exteri\u00e9rov, ter\u00e9nne \u00fapravy, ploty, chodn\u00edky. M\u00f4\u017eeme sa postara\u0165 o kompletn\u00fa stavebn\u00fa \u010dinnos\u0165 od za\u010diatku a\u017e na k\u013e\u00fa\u010d.<\/p>\n\t\t\t\t<img decoding=\"async\" src=\"http:\/\/kudbud.com\/wp-content\/uploads\/2020\/01\/requirements.jpg\" alt=\"requirements\" itemprop=\"image\"\/>\n\t<h4>\n\t\t\t\t\tRozumieme po\u017eiadavk\u00e1m\n\t\t\t\t<\/h4>\n\t\t\t<p>Realizujeme r\u00f4zne typy projektov<\/p>\n\t\t\t\t<img decoding=\"async\" src=\"http:\/\/kudbud.com\/wp-content\/uploads\/2024\/01\/IMG-20231029-WA00081-300x225.jpg\" alt=\"IMG-20231029-WA0008[1]\" itemprop=\"image\"\/>\n\t<h4>\n\t\t\t\t\tPracujeme poctivo\n\t\t\t\t<\/h4>\n\t\t\t<p>Na kvalite n\u00e1m z\u00e1le\u017e\u00ed<\/p>\n\t\t\t\t<img decoding=\"async\" src=\"http:\/\/kudbud.com\/wp-content\/uploads\/2020\/01\/building.jpg\" alt=\"building\" itemprop=\"image\"\/>\n\t<h4>\n\t\t\t\t\tR\u00fdchlo a na\u010das\n\t\t\t\t<\/h4>\n\t\t\t<p>Ve\u013ek\u00e1 flexibilita a orient\u00e1cia v \u010dase<\/p>\n\t<h3>\n\t\t\t\t\tPotrebujete jednoduch\u00e9 rie\u0161enie\n\t\t\t\t<\/h3>\n\t\t\t<a href=\"+421950758072\" target=\"_self\" role=\"button\" rel=\"noopener\">\n\t\t\t\t\t\tKontaktujte n\u00e1s u\u017e dnes\n\t\t<\/a>\n\n","protected":false},"excerpt":{"rendered":"<p>O nas Kto sme? Sme team ktor\u00fd funguje v oblasti stavebn\u00edctva u\u017e dlh\u00e9 roky,\u00a0 a s t\u00fdm v\u00e1m vieme zaru\u010di\u0165 vysok\u00fa kvalitu, flexibilitu, a jednoduchos\u0165 rie\u0161enie ak\u00fdchko\u013evek probl\u00e9mov a komplik\u00e1ci\u00ed.\u00a0\u00a0 Vieme mana\u017eova\u0165 va\u0161u stavbu od za\u010diatku a\u017e na k\u013e\u00fa\u010d tak aj realiz\u00e1ciu konkr\u00e9tne \u010dasti stavby a venujeme sa aj rekon\u0161trukcii&#8230; Profesion\u00e1lismus Priestor my\u0161lenie Re\u0161pekt 24\/7 &hellip;<\/p>\n<p class=\"read-more\"> <a class=\"\" href=\"http:\/\/kudbud.com\/?page_id=71\"> <span class=\"screen-reader-text\">O nas<\/span> \u010c\u00edtajte viac &raquo;<\/a><\/p>\n","protected":false},"author":1,"featured_media":0,"parent":0,"menu_order":0,"comment_status":"closed","ping_status":"closed","template":"","meta":{"_monsterinsights_skip_tracking":false,"_monsterinsights_sitenote_active":false,"_monsterinsights_sitenote_note":"","_monsterinsights_sitenote_category":0,"site-sidebar-layout":"no-sidebar","site-content-layout":"page-builder","ast-site-content-layout":"full-width-container","site-content-style":"unboxed","site-sidebar-style":"unboxed","ast-global-header-display":"","ast-banner-title-visibility":"","ast-main-header-display":"","ast-hfb-above-header-display":"","ast-hfb-below-header-display":"","ast-hfb-mobile-header-display":"","site-post-title":"disabled","ast-breadcrumbs-content":"","ast-featured-img":"disabled","footer-sml-layout":"","theme-transparent-header-meta":"default","adv-header-id-meta":"","stick-header-meta":"","header-above-stick-meta":"","header-main-stick-meta":"","header-below-stick-meta":"","astra-migrate-meta-layouts":"set","footnotes":""},"_links":{"self":[{"href":"http:\/\/kudbud.com\/index.php?rest_route=\/wp\/v2\/pages\/71"}],"collection":[{"href":"http:\/\/kudbud.com\/index.php?rest_route=\/wp\/v2\/pages"}],"about":[{"href":"http:\/\/kudbud.com\/index.php?rest_route=\/wp\/v2\/types\/page"}],"author":[{"embeddable":true,"href":"http:\/\/kudbud.com\/index.php?rest_route=\/wp\/v2\/users\/1"}],"replies":[{"embeddable":true,"href":"http:\/\/kudbud.com\/index.php?rest_route=%2Fwp%2Fv2%2Fcomments&post=71"}],"version-history":[{"count":4,"href":"http:\/\/kudbud.com\/index.php?rest_route=\/wp\/v2\/pages\/71\/revisions"}],"predecessor-version":[{"id":1141,"href":"http:\/\/kudbud.com\/index.php?rest_route=\/wp\/v2\/pages\/71\/revisions\/1141"}],"wp:attachment":[{"href":"http:\/\/kudbud.com\/index.php?rest_route=%2Fwp%2Fv2%2Fmedia&parent=71"}],"curies":[{"name":"wp","href":"https:\/\/api.w.org\/{rel}","templated":true}]}}